{"id":35,"date":"2023-12-07T04:37:00","date_gmt":"2023-12-07T04:37:00","guid":{"rendered":"https:\/\/wordpress.themeholy.com\/mediax\/?page_id=35"},"modified":"2024-02-28T18:18:43","modified_gmt":"2024-02-28T18:18:43","slug":"servizi","status":"publish","type":"page","link":"https:\/\/florentiadent.com\/en\/servizi\/","title":{"rendered":"Services"},"content":{"rendered":"<div data-elementor-type=\"wp-page\" data-elementor-id=\"35\" class=\"elementor elementor-35\">\n\t\t\t\t<div class=\"elementor-element elementor-element-f414bb3 e-flex e-con-boxed e-con e-parent\" data-id=\"f414bb3\" data-element_type=\"container\" data-settings=\"{&quot;background_background&quot;:&quot;classic&quot;}\">\n\t\t\t\t\t<div class=\"e-con-inner\">\n\t\t\r\n\t\t<div class=\"elementor-element elementor-element-43fee8b elementor-widget__width-inherit elementor-widget-tablet__width-inherit elementor-widget elementor-widget-mediaxsectiontitle\" data-id=\"43fee8b\" data-element_type=\"widget\" data-widget_type=\"mediaxsectiontitle.default\">\n\t\t\t\t<div class=\"elementor-widget-container\">\n\t\t\t\t\t<div class=\"title-area text-center\">\r\n\t\t\t<span class=\"sub-title\"><img decoding=\"async\" src=\"https:\/\/florentiadent.com\/wp-content\/plugins\/mediax-core\/assets\/img\/title_icon.svg\" alt=\"Shape\">OUR SERVICES<\/span><h2 class=\"sec-title\">Our expert dentists use advanced dental techniques and the latest dental technology.<\/h2>\t\t<\/div>\r\n\r\n\t\t\t<\/div>\n\t\t\t\t<\/div>\n\t\t\t\t<div class=\"elementor-element elementor-element-657c3ef elementor-widget__width-inherit elementor-widget elementor-widget-mediaxservice\" data-id=\"657c3ef\" data-element_type=\"widget\" data-widget_type=\"mediaxservice.default\">\n\t\t\t\t<div class=\"elementor-widget-container\">\n\t\t\t<div class=\"row gy-4 justify-content-center\"><div class=\"col-xl-3 col-lg-4 col-sm-6\"><div class=\"service-card\" data-bg-src=\"https:\/\/florentiadent.com\/wp-content\/uploads\/2023\/12\/service_card_2.jpg\"><div class=\"box-icon\"><img decoding=\"async\" src=\"https:\/\/florentiadent.com\/wp-content\/uploads\/2024\/02\/icon-single-implants.png\" alt=\"icon single implants\"  \/><\/div><h3 class=\"box-title title\"><a href=\"https:\/\/florentiadent.com\/en\/impianti-dentali\/\">Dental Implants<\/a><\/h3><p class=\"box-text desc\">Swiss precision is the secret to the success of ImplantSwiss quality.<\/p><a href=\"https:\/\/florentiadent.com\/en\/impianti-dentali\/\" class=\"th-btn btn-sm style2 theme-color th_btn\">See More<\/a><\/div><\/div><div class=\"col-xl-3 col-lg-4 col-sm-6\"><div class=\"service-card\" data-bg-src=\"https:\/\/florentiadent.com\/wp-content\/uploads\/2023\/12\/service_card_2.jpg\"><div class=\"box-icon\"><img decoding=\"async\" src=\"https:\/\/florentiadent.com\/wp-content\/uploads\/2024\/02\/Invisaling-Icon.jpeg\" alt=\"Invisaling Icon\"  \/><\/div><h3 class=\"box-title title\"><a href=\"https:\/\/florentiadent.com\/en\/allineatori-invisalign\/\">Invisalign Aligners<\/a><\/h3><p class=\"box-text desc\">With Invisalign aligners, you now have safer, more convenient, and more aesthetic orthodontic treatment available.<\/p><a href=\"https:\/\/florentiadent.com\/en\/allineatori-invisalign\/\" class=\"th-btn btn-sm style2 theme-color th_btn\">See More<\/a><\/div><\/div><div class=\"col-xl-3 col-lg-4 col-sm-6\"><div class=\"service-card\" data-bg-src=\"https:\/\/florentiadent.com\/wp-content\/uploads\/2023\/12\/service_card_2.jpg\"><div class=\"box-icon\"><img decoding=\"async\" src=\"https:\/\/florentiadent.com\/wp-content\/uploads\/2024\/02\/5.png\" alt=\"5\"  \/><\/div><h3 class=\"box-title title\"><a href=\"https:\/\/florentiadent.com\/en\/protesi-dentale\/\">Dental prosthesis<\/a><\/h3><p class=\"box-text desc\">Dental prosthetics are used to replace natural teeth and to improve dental aesthetics when teeth are damaged<\/p><a href=\"https:\/\/florentiadent.com\/en\/protesi-dentale\/\" class=\"th-btn btn-sm style2 theme-color th_btn\">See More<\/a><\/div><\/div><\/div>\t\t<\/div>\n\t\t\t\t<\/div>\n\t\t\t\t<div class=\"elementor-element elementor-element-5c49934 elementor-widget elementor-widget-mediaxservice\" data-id=\"5c49934\" data-element_type=\"widget\" data-widget_type=\"mediaxservice.default\">\n\t\t\t\t<div class=\"elementor-widget-container\">\n\t\t\t<div class=\"row gy-4 justify-content-center\"><div class=\"col-xl-3 col-lg-4 col-sm-6\"><div class=\"service-card\" data-bg-src=\"https:\/\/florentiadent.com\/wp-content\/uploads\/2023\/12\/service_card_2.jpg\"><div class=\"box-icon\"><img decoding=\"async\" src=\"https:\/\/florentiadent.com\/wp-content\/uploads\/2023\/12\/service_list_5.svg\" alt=\"service_list_5\"  \/><\/div><h3 class=\"box-title title\"><a href=\"https:\/\/florentiadent.com\/en\/corone-dentali\/\">Dental Crowns<\/a><\/h3><p class=\"box-text desc\">Dental crowns are caps placed over damaged teeth. Crowns are used to protect, cover and restore the shape of teeth when fillings do not solve the problem.<\/p><a href=\"https:\/\/florentiadent.com\/en\/corone-dentali\/\" class=\"th-btn btn-sm style2 theme-color th_btn\">See More<\/a><\/div><\/div><div class=\"col-xl-3 col-lg-4 col-sm-6\"><div class=\"service-card\" data-bg-src=\"https:\/\/florentiadent.com\/wp-content\/uploads\/2023\/12\/service_card_2.jpg\"><div class=\"box-icon\"><img decoding=\"async\" src=\"https:\/\/florentiadent.com\/wp-content\/uploads\/2024\/02\/Oral-Pathology.png\" alt=\"Oral Pathology\"  \/><\/div><h3 class=\"box-title title\"><a href=\"https:\/\/florentiadent.com\/en\/chirurgia-orale-e-maxillo-facciale\/\">Oral and Maxillofacial Surgery<\/a><\/h3><p class=\"box-text desc\">The term \u201cmaxillofacial\u201d refers to the jaw bones and face, and maxillofacial surgery is a field of medicine that specializes in treating conditions in this area through surgical procedures.<\/p><a href=\"https:\/\/florentiadent.com\/en\/chirurgia-orale-e-maxillo-facciale\/\" class=\"th-btn btn-sm style2 theme-color th_btn\">See More<\/a><\/div><\/div><div class=\"col-xl-3 col-lg-4 col-sm-6\"><div class=\"service-card\" data-bg-src=\"https:\/\/wordpress.themeholy.com\/mediax\/wp-content\/uploads\/2023\/12\/service_card_6.jpg\"><div class=\"box-icon\"><img decoding=\"async\" src=\"https:\/\/florentiadent.com\/wp-content\/uploads\/2024\/02\/Spa-icons-09-480x480-1.webp\" alt=\"Spa icons 09 480x480 1\"  \/><\/div><h3 class=\"box-title title\"><a href=\"https:\/\/florentiadent.com\/en\/estetica-facciale\/\">Facial Aesthetics<\/a><\/h3><p class=\"box-text desc\">A filler treatment is a dermatological cosmetic procedure used to minimize the appearance of facial lines and wrinkles and restore a youthful appearance.<\/p><a href=\"https:\/\/florentiadent.com\/en\/estetica-facciale\/\" class=\"th-btn btn-sm style2 theme-color th_btn\">See More<\/a><\/div><\/div><\/div>\t\t<\/div>\n\t\t\t\t<\/div>\n\t\t\t\t\t<\/div>\n\t\t\t\t<\/div>\n\t\t<div class=\"elementor-element elementor-element-2b8d102 e-flex e-con-boxed e-con e-parent\" data-id=\"2b8d102\" data-element_type=\"container\">\n\t\t\t\t\t<div class=\"e-con-inner\">\n\t\t\t\t<div class=\"elementor-element elementor-element-e01903c elementor-widget elementor-widget-mediaxcta\" data-id=\"e01903c\" data-element_type=\"widget\" data-widget_type=\"mediaxcta.default\">\n\t\t\t\t<div class=\"elementor-widget-container\">\n\t\t\t<div class=\"cta-sec5 mega-hover\" data-bg-src=\"https:\/\/wordpress.themeholy.com\/mediax\/wp-content\/uploads\/2023\/12\/cta_bg_5.jpg\"><h2 class=\"sec-title mb-35 title\">Siamo Lieti Di Offrirvi Solo il Meglio.<\/h2><a href=\"https:\/\/florentiadent.com\/en\/contatto\/\" class=\"th-btn style4 shadow-1 th_btn\">CONTACT US<\/a><\/div>\t\t<\/div>\n\t\t\t\t<\/div>\n\t\t\t\t\t<\/div>\n\t\t\t\t<\/div>\n\t\t\t\t<\/div>","protected":false},"excerpt":{"rendered":"<p>I NOSTRI SERVIZI I Nostri Dentisti Esperti Utilizzano Tecniche Odontoiatriche Avanzate E La Pi\u00f9 Recente Tecnologia Dentale. Impianti Dentali La precisione svizzera \u00e8 il segreto del successo della qualit\u00e0 ImplantSwiss. Vedi Tutto Allineatori Invisalign Con gli allineatori Invisalign, ora hai a disposizione un trattamento ortodontico pi\u00f9 sicuro, pi\u00f9 conveniente e pi\u00f9 estetico. Vedi Tutto Protesi&#8230;<\/p>","protected":false},"author":1,"featured_media":0,"parent":0,"menu_order":0,"comment_status":"closed","ping_status":"closed","template":"template-builder.php","meta":{"footnotes":""},"class_list":["post-35","page","type-page","status-publish","hentry"],"yoast_head":"<!-- This site is optimized with the Yoast SEO plugin v22.5 - https:\/\/yoast.com\/wordpress\/plugins\/seo\/ -->\n<title>Servizi - Florentia Dent - Turismo Dentale in Albnaia<\/title>\n<meta name=\"robots\" content=\"index, follow, max-snippet:-1, max-image-preview:large, max-video-preview:-1\" \/>\n<link rel=\"canonical\" href=\"https:\/\/florentiadent.com\/en\/servizi\/\" \/>\n<meta property=\"og:locale\" content=\"en_US\" \/>\n<meta property=\"og:type\" content=\"article\" \/>\n<meta property=\"og:title\" content=\"Servizi - Florentia Dent - Turismo Dentale in Albnaia\" \/>\n<meta property=\"og:description\" content=\"I NOSTRI SERVIZI I Nostri Dentisti Esperti Utilizzano Tecniche Odontoiatriche Avanzate E La Pi\u00f9 Recente Tecnologia Dentale. Impianti Dentali La precisione svizzera \u00e8 il segreto del successo della qualit\u00e0 ImplantSwiss. Vedi Tutto Allineatori Invisalign Con gli allineatori Invisalign, ora hai a disposizione un trattamento ortodontico pi\u00f9 sicuro, pi\u00f9 conveniente e pi\u00f9 estetico. Vedi Tutto Protesi...\" \/>\n<meta property=\"og:url\" content=\"https:\/\/florentiadent.com\/en\/servizi\/\" \/>\n<meta property=\"og:site_name\" content=\"Florentia Dent - Turismo Dentale in Albnaia\" \/>\n<meta property=\"article:publisher\" content=\"https:\/\/www.instagram.com\/florentiadent___dentaltourism\" \/>\n<meta property=\"article:modified_time\" content=\"2024-02-28T18:18:43+00:00\" \/>\n<meta property=\"og:image\" content=\"https:\/\/florentiadent.com\/wp-content\/plugins\/mediax-core\/assets\/img\/title_icon.svg\" \/>\n<meta name=\"twitter:card\" content=\"summary_large_image\" \/>\n<meta name=\"twitter:label1\" content=\"Est. reading time\" \/>\n\t<meta name=\"twitter:data1\" content=\"3 minutes\" \/>\n<script type=\"application\/ld+json\" class=\"yoast-schema-graph\">{\"@context\":\"https:\/\/schema.org\",\"@graph\":[{\"@type\":\"WebPage\",\"@id\":\"https:\/\/florentiadent.com\/servizi\/\",\"url\":\"https:\/\/florentiadent.com\/servizi\/\",\"name\":\"Servizi - Florentia Dent - Turismo Dentale in Albnaia\",\"isPartOf\":{\"@id\":\"https:\/\/florentiadent.com\/#website\"},\"primaryImageOfPage\":{\"@id\":\"https:\/\/florentiadent.com\/servizi\/#primaryimage\"},\"image\":{\"@id\":\"https:\/\/florentiadent.com\/servizi\/#primaryimage\"},\"thumbnailUrl\":\"https:\/\/florentiadent.com\/wp-content\/plugins\/mediax-core\/assets\/img\/title_icon.svg\",\"datePublished\":\"2023-12-07T04:37:00+00:00\",\"dateModified\":\"2024-02-28T18:18:43+00:00\",\"breadcrumb\":{\"@id\":\"https:\/\/florentiadent.com\/servizi\/#breadcrumb\"},\"inLanguage\":\"en-US\",\"potentialAction\":[{\"@type\":\"ReadAction\",\"target\":[\"https:\/\/florentiadent.com\/servizi\/\"]}]},{\"@type\":\"ImageObject\",\"inLanguage\":\"en-US\",\"@id\":\"https:\/\/florentiadent.com\/servizi\/#primaryimage\",\"url\":\"https:\/\/florentiadent.com\/wp-content\/plugins\/mediax-core\/assets\/img\/title_icon.svg\",\"contentUrl\":\"https:\/\/florentiadent.com\/wp-content\/plugins\/mediax-core\/assets\/img\/title_icon.svg\"},{\"@type\":\"BreadcrumbList\",\"@id\":\"https:\/\/florentiadent.com\/servizi\/#breadcrumb\",\"itemListElement\":[{\"@type\":\"ListItem\",\"position\":1,\"name\":\"Home\",\"item\":\"https:\/\/florentiadent.com\/\"},{\"@type\":\"ListItem\",\"position\":2,\"name\":\"Servizi\"}]},{\"@type\":\"WebSite\",\"@id\":\"https:\/\/florentiadent.com\/#website\",\"url\":\"https:\/\/florentiadent.com\/\",\"name\":\"Florentia Dent - Turismo Dentale in Albnaia\",\"description\":\"Dental Turismo in Albania - Dental Tourism Albania - Implanti Dental in Albania\",\"publisher\":{\"@id\":\"https:\/\/florentiadent.com\/#organization\"},\"potentialAction\":[{\"@type\":\"SearchAction\",\"target\":{\"@type\":\"EntryPoint\",\"urlTemplate\":\"https:\/\/florentiadent.com\/?s={search_term_string}\"},\"query-input\":\"required name=search_term_string\"}],\"inLanguage\":\"en-US\"},{\"@type\":\"Organization\",\"@id\":\"https:\/\/florentiadent.com\/#organization\",\"name\":\"Turismo Dentale in Albnaia - Dental Turismo in Albania\",\"url\":\"https:\/\/florentiadent.com\/\",\"logo\":{\"@type\":\"ImageObject\",\"inLanguage\":\"en-US\",\"@id\":\"https:\/\/florentiadent.com\/#\/schema\/logo\/image\/\",\"url\":\"https:\/\/florentiadent.com\/wp-content\/uploads\/2023\/12\/Florentia-Dent-Logo.png\",\"contentUrl\":\"https:\/\/florentiadent.com\/wp-content\/uploads\/2023\/12\/Florentia-Dent-Logo.png\",\"width\":180,\"height\":68,\"caption\":\"Turismo Dentale in Albnaia - Dental Turismo in Albania\"},\"image\":{\"@id\":\"https:\/\/florentiadent.com\/#\/schema\/logo\/image\/\"},\"sameAs\":[\"https:\/\/www.instagram.com\/florentiadent___dentaltourism\",\"https:\/\/www.facebook.com\/florentiadentdentaltourism?mibextid=uzlsIk\"]}]}<\/script>\n<!-- \/ Yoast SEO plugin. -->","yoast_head_json":{"title":"Servizi - Florentia Dent - Turismo Dentale in Albnaia","robots":{"index":"index","follow":"follow","max-snippet":"max-snippet:-1","max-image-preview":"max-image-preview:large","max-video-preview":"max-video-preview:-1"},"canonical":"https:\/\/florentiadent.com\/en\/servizi\/","og_locale":"en_US","og_type":"article","og_title":"Servizi - Florentia Dent - Turismo Dentale in Albnaia","og_description":"I NOSTRI SERVIZI I Nostri Dentisti Esperti Utilizzano Tecniche Odontoiatriche Avanzate E La Pi\u00f9 Recente Tecnologia Dentale. Impianti Dentali La precisione svizzera \u00e8 il segreto del successo della qualit\u00e0 ImplantSwiss. Vedi Tutto Allineatori Invisalign Con gli allineatori Invisalign, ora hai a disposizione un trattamento ortodontico pi\u00f9 sicuro, pi\u00f9 conveniente e pi\u00f9 estetico. Vedi Tutto Protesi...","og_url":"https:\/\/florentiadent.com\/en\/servizi\/","og_site_name":"Florentia Dent - Turismo Dentale in Albnaia","article_publisher":"https:\/\/www.instagram.com\/florentiadent___dentaltourism","article_modified_time":"2024-02-28T18:18:43+00:00","og_image":[{"url":"https:\/\/florentiadent.com\/wp-content\/plugins\/mediax-core\/assets\/img\/title_icon.svg"}],"twitter_card":"summary_large_image","twitter_misc":{"Est. reading time":"3 minutes"},"schema":{"@context":"https:\/\/schema.org","@graph":[{"@type":"WebPage","@id":"https:\/\/florentiadent.com\/servizi\/","url":"https:\/\/florentiadent.com\/servizi\/","name":"Servizi - Florentia Dent - Turismo Dentale in Albnaia","isPartOf":{"@id":"https:\/\/florentiadent.com\/#website"},"primaryImageOfPage":{"@id":"https:\/\/florentiadent.com\/servizi\/#primaryimage"},"image":{"@id":"https:\/\/florentiadent.com\/servizi\/#primaryimage"},"thumbnailUrl":"https:\/\/florentiadent.com\/wp-content\/plugins\/mediax-core\/assets\/img\/title_icon.svg","datePublished":"2023-12-07T04:37:00+00:00","dateModified":"2024-02-28T18:18:43+00:00","breadcrumb":{"@id":"https:\/\/florentiadent.com\/servizi\/#breadcrumb"},"inLanguage":"en-US","potentialAction":[{"@type":"ReadAction","target":["https:\/\/florentiadent.com\/servizi\/"]}]},{"@type":"ImageObject","inLanguage":"en-US","@id":"https:\/\/florentiadent.com\/servizi\/#primaryimage","url":"https:\/\/florentiadent.com\/wp-content\/plugins\/mediax-core\/assets\/img\/title_icon.svg","contentUrl":"https:\/\/florentiadent.com\/wp-content\/plugins\/mediax-core\/assets\/img\/title_icon.svg"},{"@type":"BreadcrumbList","@id":"https:\/\/florentiadent.com\/servizi\/#breadcrumb","itemListElement":[{"@type":"ListItem","position":1,"name":"Home","item":"https:\/\/florentiadent.com\/"},{"@type":"ListItem","position":2,"name":"Servizi"}]},{"@type":"WebSite","@id":"https:\/\/florentiadent.com\/#website","url":"https:\/\/florentiadent.com\/","name":"Florentia Dent - Turismo Dentale in Albnaia","description":"Dental Turismo in Albania - Dental Tourism Albania - Implanti Dental in Albania","publisher":{"@id":"https:\/\/florentiadent.com\/#organization"},"potentialAction":[{"@type":"SearchAction","target":{"@type":"EntryPoint","urlTemplate":"https:\/\/florentiadent.com\/?s={search_term_string}"},"query-input":"required name=search_term_string"}],"inLanguage":"en-US"},{"@type":"Organization","@id":"https:\/\/florentiadent.com\/#organization","name":"Turismo Dentale in Albnaia - Dental Turismo in Albania","url":"https:\/\/florentiadent.com\/","logo":{"@type":"ImageObject","inLanguage":"en-US","@id":"https:\/\/florentiadent.com\/#\/schema\/logo\/image\/","url":"https:\/\/florentiadent.com\/wp-content\/uploads\/2023\/12\/Florentia-Dent-Logo.png","contentUrl":"https:\/\/florentiadent.com\/wp-content\/uploads\/2023\/12\/Florentia-Dent-Logo.png","width":180,"height":68,"caption":"Turismo Dentale in Albnaia - Dental Turismo in Albania"},"image":{"@id":"https:\/\/florentiadent.com\/#\/schema\/logo\/image\/"},"sameAs":["https:\/\/www.instagram.com\/florentiadent___dentaltourism","https:\/\/www.facebook.com\/florentiadentdentaltourism?mibextid=uzlsIk"]}]}},"_links":{"self":[{"href":"https:\/\/florentiadent.com\/en\/wp-json\/wp\/v2\/pages\/35","targetHints":{"allow":["GET"]}}],"collection":[{"href":"https:\/\/florentiadent.com\/en\/wp-json\/wp\/v2\/pages"}],"about":[{"href":"https:\/\/florentiadent.com\/en\/wp-json\/wp\/v2\/types\/page"}],"author":[{"embeddable":true,"href":"https:\/\/florentiadent.com\/en\/wp-json\/wp\/v2\/users\/1"}],"replies":[{"embeddable":true,"href":"https:\/\/florentiadent.com\/en\/wp-json\/wp\/v2\/comments?post=35"}],"version-history":[{"count":41,"href":"https:\/\/florentiadent.com\/en\/wp-json\/wp\/v2\/pages\/35\/revisions"}],"predecessor-version":[{"id":3265,"href":"https:\/\/florentiadent.com\/en\/wp-json\/wp\/v2\/pages\/35\/revisions\/3265"}],"wp:attachment":[{"href":"https:\/\/florentiadent.com\/en\/wp-json\/wp\/v2\/media?parent=35"}],"curies":[{"name":"wp","href":"https:\/\/api.w.org\/{rel}","templated":true}]}}